{"id":3607,"date":"2020-02-27T10:00:04","date_gmt":"2020-02-27T09:00:04","guid":{"rendered":"https:\/\/brings-online.com\/demo\/wordpress-theme-handwerk\/?page_id=3607"},"modified":"2021-01-08T15:05:43","modified_gmt":"2021-01-08T14:05:43","slug":"eac-tga","status":"publish","type":"page","link":"https:\/\/eac-calau.de\/?page_id=3607","title":{"rendered":"EAC Geb\u00e4udetechnik"},"content":{"rendered":"<div class=\"color-separator \" style=\"height:1px; background-color: #e43c24; margin-top:-1px; margin-bottom:5px;\"><\/div>\n\n\n\n\n\n<div class=\"color-separator \" style=\"height:10px; background-color: #7a8394; margin-top:-1px; margin-bottom:0px;\"><\/div>\n\n\n\n\n\n\n<div style=\"height:25px\" aria-hidden=\"true\" class=\"wp-block-spacer\"><\/div>\n\n\n<div class=\"slogan links\">\n<div class=\"preambel\">\n<span style=\"color:#e43c24;\">Wir sind &#8230; <\/span>\n<\/div>\n<h1 style=\"font-size:26px; color:#424A59;\">\n<span class=\"slogan-mobile\">Ihr Fachmann in der Versorgungstechnik<\/span><\/h1><span style=\"background:#e43c24\"><\/span><\/div>\n\t\n\t\n\n\n<div class=\"is-layout-flex wp-container-3 wp-block-columns\">\n<div class=\"is-layout-flow wp-block-column\" style=\"flex-basis:55%\">\n<p style=\"font-size:21px\">Im Bereich der Versorgungstechnik bieten wir Ihnen die folgenden Leistungen an  <\/p>\n\n\n\n<ul class=\"check font-size: 25px;\"><li><strong>Projektierungs- und Planungsleistungen<\/strong><\/li><li><strong>Installation und Montage<\/strong><\/li><li><strong>Inbetriebnahme <\/strong><\/li><li><strong>Optimierung <\/strong><\/li><li><strong>Service<\/strong><\/li><\/ul>\n\n\n\n\n\n<div style=\"height:41px\" aria-hidden=\"true\" class=\"wp-block-spacer\"><\/div>\n<\/div>\n\n\n\n<div class=\"is-layout-flow wp-block-column\" style=\"flex-basis:45%\">\n<div class=\"wp-block-image\"><figure class=\"aligncenter size-large is-resized\"><img decoding=\"async\" loading=\"lazy\" src=\"https:\/\/eac-calau.de\/web\/wp-content\/uploads\/2020\/02\/Klimalogo-end.jpg\" alt=\"\" class=\"wp-image-4513\" width=\"470\" height=\"334\" srcset=\"https:\/\/eac-calau.de\/web\/wp-content\/uploads\/2020\/02\/Klimalogo-end.jpg 919w, https:\/\/eac-calau.de\/web\/wp-content\/uploads\/2020\/02\/Klimalogo-end-300x214.jpg 300w, https:\/\/eac-calau.de\/web\/wp-content\/uploads\/2020\/02\/Klimalogo-end-768x547.jpg 768w, https:\/\/eac-calau.de\/web\/wp-content\/uploads\/2020\/02\/Klimalogo-end-305x217.jpg 305w, https:\/\/eac-calau.de\/web\/wp-content\/uploads\/2020\/02\/Klimalogo-end-840x599.jpg 840w, https:\/\/eac-calau.de\/web\/wp-content\/uploads\/2020\/02\/Klimalogo-end-480x342.jpg 480w\" sizes=\"(max-width: 470px) 100vw, 470px\" \/><\/figure><\/div>\n<\/div>\n<\/div>\n\n\n\n<div class=\"is-layout-flex wp-container-6 wp-block-columns\">\n<div class=\"is-layout-flow wp-block-column\" style=\"flex-basis:55%\">\n<div style=\"height:50px\" aria-hidden=\"true\" class=\"wp-block-spacer\"><\/div>\n\n\n\n<p class=\"has-text-color\" style=\"color:#7a8394;font-size:26px\"><strong>Anlagen zur Anpassung der Temperatur, Luftfeuchte und Luftqualit\u00e4t in Geb\u00e4uden<\/strong>  <strong>und Warmwasserbereitung <\/strong> <\/p>\n<\/div>\n\n\n\n<div class=\"is-layout-flow wp-block-column\" style=\"flex-basis:45%\">\n<div class=\"wp-block-image\"><figure class=\"aligncenter size-large\"><img decoding=\"async\" loading=\"lazy\" width=\"210\" height=\"210\" src=\"https:\/\/eac-calau.de\/web\/wp-content\/uploads\/2020\/10\/GebTech-1.png\" alt=\"\" class=\"wp-image-5358\" srcset=\"https:\/\/eac-calau.de\/web\/wp-content\/uploads\/2020\/10\/GebTech-1.png 210w, https:\/\/eac-calau.de\/web\/wp-content\/uploads\/2020\/10\/GebTech-1-150x150.png 150w\" sizes=\"(max-width: 210px) 100vw, 210px\" \/><\/figure><\/div>\n<\/div>\n<\/div>\n\n\n<div class=\"color-separator \" style=\"height:3px; background-color: #809EA9; margin-top:1px; margin-bottom:20px;\"><\/div>\n\n\n\n\n\n\n<p style=\"font-size:18px\"><strong>+<\/strong> konventionelle und alternative Heizungs- und Warmwasserbereitungsanlagen<\/p>\n\n\n\n<p style=\"font-size:18px\"><strong>+<\/strong> W\u00e4rmepumpenanlagen und thermische Solaranlagen<\/p>\n\n\n\n<p style=\"font-size:18px\"><strong>+<\/strong> verschiedene Systeme zur Wohnraumk\u00fchlung<\/p>\n\n\n\n<p style=\"font-size:18px\"><strong>+<\/strong> raumlufttechnische Anlagen (L\u00fcftungsanlagen)<\/p>\n\n\n\n<div style=\"height:100px\" aria-hidden=\"true\" class=\"wp-block-spacer\"><\/div>\n\n\n\n<div class=\"is-layout-flex wp-container-9 wp-block-columns\">\n<div class=\"is-layout-flow wp-block-column\" style=\"flex-basis:55%\">\n<div style=\"height:50px\" aria-hidden=\"true\" class=\"wp-block-spacer\"><\/div>\n\n\n\n<p class=\"check has-text-color\" style=\"color:#7a8394;font-size:26px\"><strong>Anlagen zur K\u00fchlung von Lebensmitteln im Gewerbe<\/strong><\/p>\n<\/div>\n\n\n\n<div class=\"is-layout-flow wp-block-column\" style=\"flex-basis:45%\">\n<div class=\"wp-block-image\"><figure class=\"aligncenter size-large is-resized\"><img decoding=\"async\" loading=\"lazy\" src=\"https:\/\/eac-calau.de\/web\/wp-content\/uploads\/2020\/10\/Dia_Kaelte-1.jpg\" alt=\"\" class=\"wp-image-5340\" width=\"185\" height=\"185\" srcset=\"https:\/\/eac-calau.de\/web\/wp-content\/uploads\/2020\/10\/Dia_Kaelte-1.jpg 157w, https:\/\/eac-calau.de\/web\/wp-content\/uploads\/2020\/10\/Dia_Kaelte-1-150x150.jpg 150w\" sizes=\"(max-width: 185px) 100vw, 185px\" \/><\/figure><\/div>\n<\/div>\n<\/div>\n\n\n<div class=\"color-separator \" style=\"height:3px; background-color: #809EA9; margin-top:1px; margin-bottom:20px;\"><\/div>\n\n\n\n\n\n\n<div class=\"is-layout-flow wp-block-group\"><div class=\"wp-block-group__inner-container\">\n<div class=\"is-layout-flow wp-block-group font-size: 1.2 rem\"><div class=\"wp-block-group__inner-container\">\n<div class=\"is-layout-flow wp-block-group\"><div class=\"wp-block-group__inner-container\">\n<div class=\"is-layout-flow wp-block-group\"><div class=\"wp-block-group__inner-container\">\n<div class=\"is-layout-flow wp-block-group font-size: 40px;\"><div class=\"wp-block-group__inner-container\">\n<div class=\"is-layout-flow wp-block-group\"><div class=\"wp-block-group__inner-container\"><\/div><\/div>\n<\/div><\/div>\n<\/div><\/div>\n<\/div><\/div>\n<\/div><\/div>\n<\/div><\/div>\n\n\n\n<p style=\"font-size:18px\"><strong>+<\/strong> K\u00fchl- und Gefrierzellen f\u00fcr Gewerbe und Gastronomie <\/p>\n\n\n\n<p style=\"font-size:18px\"><strong>+<\/strong> Aggregate f\u00fcr K\u00fchlr\u00e4ume (Lagerk\u00fchlraum, Wildk\u00fchlraum etc.) <\/p>\n\n\n\n<p style=\"font-size:18px\"><strong>+<\/strong> K\u00fchlraumt\u00fcren<\/p>\n\n\n\n<p style=\"font-size:18px\"> <strong>+<\/strong> K\u00fchltheken und K\u00fchlschr\u00e4nke f\u00fcr die Gastronomie<\/p>\n\n\n\n<div style=\"height:100px\" aria-hidden=\"true\" class=\"wp-block-spacer\"><\/div>\n\n\n\n<div class=\"is-layout-flex wp-container-18 wp-block-columns\">\n<div class=\"is-layout-flow wp-block-column\" style=\"flex-basis:55%\">\n<div style=\"height:50px\" aria-hidden=\"true\" class=\"wp-block-spacer\"><\/div>\n\n\n\n<p class=\"check has-text-color\" style=\"color:#7a8394;font-size:26px\"><strong>Grossk\u00fcchenger\u00e4te f\u00fcr  professionelle Anwendungen in der Gastronomie  <\/strong><\/p>\n<\/div>\n\n\n\n<div class=\"is-layout-flow wp-block-column\" style=\"flex-basis:45%\">\n<div class=\"wp-block-image\"><figure class=\"aligncenter size-large is-resized\"><img decoding=\"async\" loading=\"lazy\" src=\"https:\/\/eac-calau.de\/web\/wp-content\/uploads\/2020\/10\/Elemente-1.png\" alt=\"\" class=\"wp-image-5356\" width=\"304\" height=\"234\" srcset=\"https:\/\/eac-calau.de\/web\/wp-content\/uploads\/2020\/10\/Elemente-1.png 519w, https:\/\/eac-calau.de\/web\/wp-content\/uploads\/2020\/10\/Elemente-1-300x231.png 300w, https:\/\/eac-calau.de\/web\/wp-content\/uploads\/2020\/10\/Elemente-1-305x235.png 305w, https:\/\/eac-calau.de\/web\/wp-content\/uploads\/2020\/10\/Elemente-1-480x370.png 480w\" sizes=\"(max-width: 304px) 100vw, 304px\" \/><\/figure><\/div>\n<\/div>\n<\/div>\n\n\n<div class=\"color-separator \" style=\"height:3px; background-color: #809EA9; margin-top:1px; margin-bottom:20px;\"><\/div>\n\n\n\n\n\n\n<p><\/p>\n\n\n\n<p style=\"font-size:18px\"><strong>+<\/strong> Kombid\u00e4mpfer &amp; Hei\u00dfluft\u00f6fen<\/p>\n\n\n\n<p style=\"font-size:18px\"><strong>+<\/strong> Kochherde und Kessel in Elektro- oder Gasausf\u00fchrung <\/p>\n\n\n\n<p style=\"font-size:18px\"><strong>+<\/strong> Warmhaltestationen und Hei\u00dfbuffet <\/p>\n\n\n\n<p style=\"font-size:18px\"><strong>+<\/strong> Sp\u00fclmaschinen f\u00fcr Ihren Gastronomiebetrieb<\/p>\n\n\n\n<div style=\"height:50px\" aria-hidden=\"true\" class=\"wp-block-spacer\"><\/div>\n\n\n\n<div class=\"is-layout-flex wp-container-21 wp-block-columns\">\n<div class=\"is-layout-flow wp-block-column\"><\/div>\n\n\n\n<div class=\"is-layout-flow wp-block-column\"><\/div>\n<\/div>\n\n\n\n<div class=\"is-layout-flex wp-container-25 wp-block-columns\">\n<div class=\"is-layout-flow wp-block-column\"><div class=\"simplebox\" >\n<div class=\"box-icon\"><i style=\"color:#e43c24;\" class=\"icofont-architecture\"><\/i><\/div>\t\n<h3>Projektierung<\/h3>\n<\/div><\/div>\n\n\n\n<div class=\"is-layout-flow wp-block-column\"><div class=\"simplebox\" >\n<div class=\"box-icon\"><i style=\"color:#424A59;\" class=\"icofont-tools-bag \"><\/i><\/div>\t\n<h3>Installationen<\/h3>\n<\/div><\/div>\n\n\n\n<div class=\"is-layout-flow wp-block-column\"><div class=\"simplebox\" >\n<div class=\"box-icon\"><i style=\"color:#e43c24;\" class=\"icofont-repair\"><\/i><\/div>\t\n<h3>Reparaturen<\/h3>\n<\/div><\/div>\n<\/div>\n\n\n<div class=\"simplebox\" >\n<div class=\"box-icon\"><i style=\"color:#e43c24;\" class=\"icofont-refresh \"><\/i><\/div>\t\n<h3>Wartung und Service<\/h3>\n<\/div>\n\n\n<div style=\"height:76px\" aria-hidden=\"true\" class=\"wp-block-spacer\"><\/div>\n\n\n<div class=\"sc-button\" style=\"text-align:left \"><a style=\"background:#E43c24\" target=\"_self\" href=\"https:\/\/eac-calau.de\"><span>zur\u00fcck<\/span><\/a><\/div>\n\n\n<div style=\"height:100px\" aria-hidden=\"true\" class=\"wp-block-spacer\"><\/div>\n\n\n<div class=\"color-separator \" style=\"height:7px; background-color: #7a8394; margin-top:20px; margin-bottom:1px;\"><\/div>\n\n\n\n\n\n<div class=\"color-separator \" style=\"height:1px; background-color: #f90004; margin-top:5px; margin-bottom:1px;\"><\/div>\n\n\n\n\n\n\n<div class=\"wp-block-atomic-blocks-ab-container ab-block-container\"><div class=\"ab-container-inside\"><div class=\"ab-container-content\" style=\"max-width:1600px\"><\/div><\/div><\/div>\n\n\n\n<div class=\"is-layout-flex wp-container-29 wp-block-columns has-3-columns\">\n<div class=\"is-layout-flow wp-block-column\"><\/div>\n\n\n\n<div class=\"is-layout-flow wp-block-column\"><\/div>\n\n\n\n<div class=\"is-layout-flow wp-block-column\"><\/div>\n<\/div>\n\n\n\n<div style=\"height:32px\" aria-hidden=\"true\" class=\"wp-block-spacer\"><\/div>\n\n\n\n<div class=\"wp-block-cover has-background-dim-70 has-very-dark-gray-background-color has-background-dim has-parallax\" style=\"background-image:url(https:\/\/eac-calau.de\/web\/wp-content\/uploads\/2020\/04\/banner_TGA.jpg);min-height:250px\"><div class=\"wp-block-cover__inner-container\">\n<p class=\"has-huge-font-size\">Ihr Fachmann mit einem breiten Spektrum!<\/p>\n<\/div><\/div>\n\n\n\n<div style=\"height:20px\" aria-hidden=\"true\" class=\"wp-block-spacer\"><\/div>\n","protected":false},"excerpt":{"rendered":"<p>Im Bereich der Versorgungstechnik bieten wir Ihnen die folgenden Leistungen an Projektierungs- und Planungsleistungen Installation und Montage Inbetriebnahme Optimierung Service Anlagen zur Anpassung der Temperatur, Luftfeuchte und Luftqualit\u00e4t in Geb\u00e4uden und Warmwasserbereitung + konventionelle und alternative Heizungs- und Warmwasserbereitungsanlagen + W\u00e4rmepumpenanlagen und thermische Solaranlagen + verschiedene Systeme zur Wohnraumk\u00fchlung + raumlufttechnische Anlagen (L\u00fcftungsanlagen) Anlagen zur<\/p>\n","protected":false},"author":1,"featured_media":0,"parent":0,"menu_order":0,"comment_status":"closed","ping_status":"closed","template":"page-fullwidth.php","meta":[],"featured_image_src":null,"featured_image_src_square":null,"_links":{"self":[{"href":"https:\/\/eac-calau.de\/index.php?rest_route=\/wp\/v2\/pages\/3607"}],"collection":[{"href":"https:\/\/eac-calau.de\/index.php?rest_route=\/wp\/v2\/pages"}],"about":[{"href":"https:\/\/eac-calau.de\/index.php?rest_route=\/wp\/v2\/types\/page"}],"author":[{"embeddable":true,"href":"https:\/\/eac-calau.de\/index.php?rest_route=\/wp\/v2\/users\/1"}],"replies":[{"embeddable":true,"href":"https:\/\/eac-calau.de\/index.php?rest_route=%2Fwp%2Fv2%2Fcomments&post=3607"}],"version-history":[{"count":177,"href":"https:\/\/eac-calau.de\/index.php?rest_route=\/wp\/v2\/pages\/3607\/revisions"}],"predecessor-version":[{"id":5528,"href":"https:\/\/eac-calau.de\/index.php?rest_route=\/wp\/v2\/pages\/3607\/revisions\/5528"}],"wp:attachment":[{"href":"https:\/\/eac-calau.de\/index.php?rest_route=%2Fwp%2Fv2%2Fmedia&parent=3607"}],"curies":[{"name":"wp","href":"https:\/\/api.w.org\/{rel}","templated":true}]}}