{"id":4289,"date":"2020-01-04T20:37:33","date_gmt":"2020-01-04T19:37:33","guid":{"rendered":"http:\/\/192.168.2.246\/wordpress\/?page_id=2"},"modified":"2021-04-20T10:24:35","modified_gmt":"2021-04-20T08:24:35","slug":"beispiel-seite-2","status":"publish","type":"page","link":"https:\/\/eac-calau.de\/?page_id=4289","title":{"rendered":"kurz \u00fcber uns&#8230;"},"content":{"rendered":"<div class=\"color-separator \" style=\"height:1px; background-color: #e43c24; margin-top:-1px; margin-bottom:5px;\"><\/div>\n\n\n\n\n\n<div class=\"color-separator \" style=\"height:10px; background-color: #7a8394; margin-top:-1px; margin-bottom:0px;\"><\/div>\n\n\n\n\n\n\n<div style=\"height:40px\" aria-hidden=\"true\" class=\"wp-block-spacer\"><\/div>\n\n\n\n<h3>Ein wenig Historie und Informationen&#8230;<\/h3>\n\n\n\n<div style=\"height:25px\" aria-hidden=\"true\" class=\"wp-block-spacer\"><\/div>\n\n\n\n<div class=\"is-layout-flex wp-container-3 wp-block-columns\">\n<div class=\"is-layout-flow wp-block-column\" style=\"flex-basis:66.66%\">\n<p>EAC wurde im Jahr 1998 als Einzelunternehmen gegr\u00fcndet.<br>Bald bildeten sich zwei Unternehmensbereiche, von deren fachlicher Verbindung unsere Kunden profitieren. <br>So wuchsen die Anforderungen und EAC  bezog im Jahre 2002 einen neuen Geb\u00e4udekomplex. <br>Jetzt stand zun\u00e4chst eine neue Produktionshalle und ein B\u00fcrogeb\u00e4ude f\u00fcr die Realisierung  der Auftr\u00e4ge zur Verf\u00fcgung. <br>Im Jahr 2004 wechselte die Unternehmensform vom  Einzelunternehmen in eine GmbH. <br>2007 wurde die Fertigungkapazit\u00e4ten durch eine weitere Produktionshalle ausgebaut. Zur \u00f6kologischen Stromerzeugung ist im darauffolgenden  Jahr 2008 eine Photovoltaikanlage mit einer Ertragsleistung von j\u00e4hrlich  ca. 60 MWh errichtet und in Betrieb genommen   worden.  <br>Seither wurden weitere Investitionen f\u00fcr den Ausbau und die Ausstattung der Produktionst\u00e4tten, der B\u00fcrotechnik, Organisation und Kommunikation  get\u00e4tigt um auch zuk\u00fcnftig die Anspr\u00fcche unserer Kunden und Partner erf\u00fcllen zu k\u00f6nnen. <\/p>\n\n\n\n<p class=\"has-text-align-left\">Unser  Unternehmen ist in mehrere Gesch\u00e4ftsbereiche gegliedert. Der  Hauptgesch\u00e4ftsbereich ist spezialisiert auf den <strong>Elektro-, &amp;  Anlagenbau<\/strong> in der Industrie. In diesem Bereich werden je nach  Anforderung Schaltanlagen konstruiert, gefertigt, installiert und in  Betrieb genommen. Hierbei ist die &nbsp;Verkabelung aller zugeh\u00f6rigen  Anlagen und Anlagenteile &nbsp;bis zu einer Spannung von 1KV m\u00f6glich.  <\/p>\n\n\n\n<p class=\"has-text-align-left\">In den  letzten Jahren hat sich unser Unternehmen intensiv dem Elektroanlagenbau in der keramischen Industrie gewidmet. So k\u00f6nnen unsere Mitarbeiter auf Erfahrungen von der Planung \u00fcber die Montage bis zur Programmierung ,Visualisierung und Inbetriebnahme zur\u00fcckgreifen.<br>&nbsp;<br>Im Gesch\u00e4ftsbereich <strong>Versorgungstechnik <\/strong>bieten wir Ihnen alle Leistungen der   Heizungs- Klima- L\u00fcftungs- und Elektrotechnik in Wohn- und   Gesch\u00e4ftgeb\u00e4uden an. Zudem k\u00f6nnen wir sie bei der Errichtung von Anlagen im Bereich K\u00fchlanlagenbau aber auch im Bereich Gro\u00dfk\u00fcchentechnik unterst\u00fctzen.<br>&nbsp;<br>Wenn  wir Ihr Interesse gewinnen und Sie bei  der Realisierung Ihrer Projekte  unterst\u00fctzen k\u00f6nnen, treten wir gern mit Ihnen in den  <a href=\"https:\/\/eac-calau.de\/?page_id=3192\">Kontakt<\/a>  <\/p>\n<\/div>\n\n\n\n<div class=\"is-layout-flow wp-block-column\" style=\"flex-basis:33.33%\">\n<figure class=\"wp-block-image size-large is-resized is-style-default\"><img decoding=\"async\" loading=\"lazy\" src=\"https:\/\/eac-calau.de\/web\/wp-content\/uploads\/2020\/02\/20151001_131536-Kopie-576x1024.jpg\" alt=\"\" class=\"wp-image-4583\" width=\"515\" height=\"915\" srcset=\"https:\/\/eac-calau.de\/web\/wp-content\/uploads\/2020\/02\/20151001_131536-Kopie-576x1024.jpg 576w, https:\/\/eac-calau.de\/web\/wp-content\/uploads\/2020\/02\/20151001_131536-Kopie-169x300.jpg 169w, https:\/\/eac-calau.de\/web\/wp-content\/uploads\/2020\/02\/20151001_131536-Kopie-768x1365.jpg 768w, https:\/\/eac-calau.de\/web\/wp-content\/uploads\/2020\/02\/20151001_131536-Kopie-864x1536.jpg 864w, https:\/\/eac-calau.de\/web\/wp-content\/uploads\/2020\/02\/20151001_131536-Kopie-1152x2048.jpg 1152w, https:\/\/eac-calau.de\/web\/wp-content\/uploads\/2020\/02\/20151001_131536-Kopie-305x542.jpg 305w, https:\/\/eac-calau.de\/web\/wp-content\/uploads\/2020\/02\/20151001_131536-Kopie-1360x2418.jpg 1360w, https:\/\/eac-calau.de\/web\/wp-content\/uploads\/2020\/02\/20151001_131536-Kopie-840x1493.jpg 840w, https:\/\/eac-calau.de\/web\/wp-content\/uploads\/2020\/02\/20151001_131536-Kopie-480x853.jpg 480w, https:\/\/eac-calau.de\/web\/wp-content\/uploads\/2020\/02\/20151001_131536-Kopie-scaled.jpg 1440w\" sizes=\"(max-width: 515px) 100vw, 515px\" \/><\/figure>\n<\/div>\n<\/div>\n\n\n\n<div style=\"height:25px\" aria-hidden=\"true\" class=\"wp-block-spacer\"><\/div>\n\n\n<div class=\"content-button\"><a  href=\"https:\/\/eac-calau.de\/\" target=\"_self\" >zur\u00fcck<\/a><\/div>\n\n\n<div style=\"height:50px\" aria-hidden=\"true\" class=\"wp-block-spacer\"><\/div>\n\n\n\n<div style=\"height:50px\" aria-hidden=\"true\" class=\"wp-block-spacer\"><\/div>\n","protected":false},"excerpt":{"rendered":"<p>Ein wenig Historie und Informationen&#8230; EAC wurde im Jahr 1998 als Einzelunternehmen gegr\u00fcndet.Bald bildeten sich zwei Unternehmensbereiche, von deren fachlicher Verbindung unsere Kunden profitieren. So wuchsen die Anforderungen und EAC bezog im Jahre 2002 einen neuen Geb\u00e4udekomplex. Jetzt stand zun\u00e4chst eine neue Produktionshalle und ein B\u00fcrogeb\u00e4ude f\u00fcr die Realisierung der Auftr\u00e4ge zur Verf\u00fcgung. Im Jahr<\/p>\n","protected":false},"author":1,"featured_media":0,"parent":0,"menu_order":0,"comment_status":"closed","ping_status":"closed","template":"homepage.php","meta":[],"featured_image_src":null,"featured_image_src_square":null,"_links":{"self":[{"href":"https:\/\/eac-calau.de\/index.php?rest_route=\/wp\/v2\/pages\/4289"}],"collection":[{"href":"https:\/\/eac-calau.de\/index.php?rest_route=\/wp\/v2\/pages"}],"about":[{"href":"https:\/\/eac-calau.de\/index.php?rest_route=\/wp\/v2\/types\/page"}],"author":[{"embeddable":true,"href":"https:\/\/eac-calau.de\/index.php?rest_route=\/wp\/v2\/users\/1"}],"replies":[{"embeddable":true,"href":"https:\/\/eac-calau.de\/index.php?rest_route=%2Fwp%2Fv2%2Fcomments&post=4289"}],"version-history":[{"count":25,"href":"https:\/\/eac-calau.de\/index.php?rest_route=\/wp\/v2\/pages\/4289\/revisions"}],"predecessor-version":[{"id":5563,"href":"https:\/\/eac-calau.de\/index.php?rest_route=\/wp\/v2\/pages\/4289\/revisions\/5563"}],"wp:attachment":[{"href":"https:\/\/eac-calau.de\/index.php?rest_route=%2Fwp%2Fv2%2Fmedia&parent=4289"}],"curies":[{"name":"wp","href":"https:\/\/api.w.org\/{rel}","templated":true}]}}