{"id":5220,"date":"2020-10-09T11:28:31","date_gmt":"2020-10-09T09:28:31","guid":{"rendered":"https:\/\/eac-calau.de\/?page_id=5220"},"modified":"2021-01-08T15:32:39","modified_gmt":"2021-01-08T14:32:39","slug":"start-eac-elektro-2","status":"publish","type":"page","link":"https:\/\/eac-calau.de\/","title":{"rendered":"Start &#8211; EAC Elektro"},"content":{"rendered":"\n<div class=\"is-layout-flow wp-block-group\"><div class=\"wp-block-group__inner-container\"><div class=\"color-separator \" style=\"height:1px; background-color: #e43c24; margin-top:-1px; margin-bottom:5px;\"><\/div>\n\n\n\n\n\n<div class=\"color-separator \" style=\"height:10px; background-color: #7a8394; margin-top:-1px; margin-bottom:0px;\"><\/div>\n\n\n\n\n\n\n<p><\/p>\n<\/div><\/div>\n\n\n\n<div style=\"height:35px\" aria-hidden=\"true\" class=\"wp-block-spacer\"><\/div>\n\n\n\n<h2 class=\"has-text-align-left has-white-background-color has-text-color has-background\" style=\"color:#e43c24;font-size:38px\">Wir sind Ihr Ansprechpartner bei der Realisierung Ihrer Projekte\u2026<\/h2>\n\n\n\n<div style=\"height:35px\" aria-hidden=\"true\" class=\"wp-block-spacer\"><\/div>\n\n\n\n<div class=\"is-layout-flex wp-container-5 wp-block-columns has-3-columns\">\n<div class=\"is-layout-flow wp-block-column\"><style>\n.boxcontent:before {content:\"\"; width:10px; height:3px; background: #e43c24; position:absolute; top:-2px; right:-1px;} \n.boxcontent:after {content:\"\"; width:3px; height:30%; background: #e43c24; position:absolute; top:0px; right:-1px;}\n<\/style>\n<div class=\"boxcontent\" >\n \t\n<div class=\"box-icon\" style=\"color:#424a59;\"><i class=\"icofont-help-robot \" style=\"font-size:80px;\"><\/i><\/div>\n<div style=\"color:#424a59;\"><h3>Anlagenbau<\/h3>\n<p>Seit vielen Jahren sind wir kompetenter Partner rund um den Anlagenbau in der Industrie. Von der  professionellen Beratung und Planung \u00fcber die Montage bis hin zur Inbetriebnahme und Optimierung Ihrer Anlage&#8230;<\/p>\n<\/div>\t<a class=\"more-link\" target=\"_self\" href=\"https:\/\/eac-calau.de\/?page_id=4738\"><span >mehr erfahren<\/span><\/a><\/div><\/div>\n\n\n\n<div class=\"is-layout-flow wp-block-column\"><style>\n.boxcontent:before {content:\"\"; width:10px; height:3px; background: #e43c24; position:absolute; top:-2px; right:-1px;} \n.boxcontent:after {content:\"\"; width:3px; height:30%; background: #e43c24; position:absolute; top:0px; right:-1px;}\n<\/style>\n<div class=\"boxcontent\" style=\"text-align:center\">\n \t\n<div class=\"box-icon\" style=\"color:#424a59;\"><i class=\"icofont-automation\" style=\"font-size:80px;\"><\/i><\/div>\n<h3>Automatisierungstechnik<\/h3>\n<p>Die professionelle Analyse  Ihres Produktionsprozesses ist die Grundlage f\u00fcr die Konzeption und Entwicklung einer wirtschaftlichen Prozessautomation  &#8211; Wir entwickeln Ihre ma\u00dfgescheiderte Automatiesungsl\u00f6sung&#8230;<\/p>\n\t<a class=\"more-link\" target=\"_self\" href=\"https:\/\/eac-calau.de\/?page_id=4738#Automatisierung\"><span >Hier mehr erfahren<\/span><\/a><\/div><\/div>\n\n\n\n<div class=\"is-layout-flow wp-block-column\"><style>\n.boxcontent:before {content:\"\"; width:10px; height:3px; background: #e43c24; position:absolute; top:-2px; right:-1px;} \n.boxcontent:after {content:\"\"; width:3px; height:30%; background: #e43c24; position:absolute; top:0px; right:-1px;}\n<\/style>\n<div class=\"boxcontent\" >\n \t\n<div class=\"box-icon\" style=\"color:#606774;\"><i class=\"icofont-building-alt\" style=\"font-size:80px;\"><\/i><\/div>\n<h3>Versorgungstechnik<\/h3>\n<p>Gern bieten wir Ihnen  alle Leistungen der Heizungs-, Klima- und L\u00fcftungstechnik  an.  Sie suchen nach einer L\u00f6sungen im Bereich der K\u00e4ltetechnik oder sie ben\u00f6tigen Anlagen f\u00fcr Gro\u00dfk\u00fcchen? &#8211; Kein Problem , Fragen sie uns&#8230;<\/p>\n\t<a class=\"more-link\" target=\"_self\" href=\"https:\/\/eac-calau.de\/?page_id=3607\"><span >Hier mehr erfahren<\/span><\/a><\/div><\/div>\n<\/div>\n\n\n\n<div style=\"height:29px\" aria-hidden=\"true\" class=\"wp-block-spacer\"><\/div>\n\n\n\n<div style=\"height:20px\" aria-hidden=\"true\" class=\"wp-block-spacer\"><\/div>\n\n\n\n<div style=\"background-color:#ffffff;padding-left:3%\" class=\"wp-block-atomic-blocks-ab-container ab-block-container\"><div class=\"ab-container-inside\"><div class=\"ab-container-content\" style=\"max-width:1360px\">\n<div class=\"is-layout-flex wp-container-11 wp-block-columns has-2-columns\">\n<div class=\"is-layout-flow wp-block-column\" style=\"flex-basis:55%\"><div class=\"slogan links\">\n<div class=\"preambel\">\n<span style=\"color:#fa0000;\">\u00dcber uns<\/span>\n<\/div>\n<h1 style=\"font-size:24px; color:;\">\n<span class=\"slogan-mobile\">mehr als 20 Jahre Erfahrung<\/span><\/h1><span style=\"background:#fa0000\"><\/span><\/div>\n\t\n\t\n\n<div class=\"sc-button\" style=\"text-align:left \"><a style=\"background:#e43c24\" target=\"_self\" href=\"https:\/\/eac-calau.de\/?page_id=4289\"><span>mehr Erfahren<\/span><\/a><\/div>\n\n\n<div style=\"height:50px\" aria-hidden=\"true\" class=\"wp-block-spacer\"><\/div>\n\n\n\n<div class=\"is-layout-flex wp-container-8 wp-block-columns\">\n<div class=\"is-layout-flow wp-block-column\"><style>\n.boxcontent:before {content:\"\"; width:10px; height:3px; background: #e43c24; position:absolute; top:-2px; right:-1px;} \n.boxcontent:after {content:\"\"; width:3px; height:30%; background: #e43c24; position:absolute; top:0px; right:-1px;}\n<\/style>\n<div class=\"boxcontent\" >\n \t\n<div class=\"box-icon\" style=\"color:#606774;\"><i class=\"icofont-workers-group\" style=\"font-size:50px;\"><\/i><\/div>\n<h3>Ausbildungsbetrieb<\/h3>\n<p>Wir bilden aus! Bitte wenden Sie sich doch an unser B\u00fcro, um mehr zu erfahren.<\/p>\n\t<\/div><\/div>\n\n\n\n<div class=\"is-layout-flow wp-block-column\"><style>\n.boxcontent:before {content:\"\"; width:10px; height:3px; background: #e43c24; position:absolute; top:-2px; right:-1px;} \n.boxcontent:after {content:\"\"; width:3px; height:30%; background: #e43c24; position:absolute; top:0px; right:-1px;}\n<\/style>\n<div class=\"boxcontent\" >\n \t\n<div class=\"box-icon\" style=\"color:#606774;\"><i class=\"icofont-energy-solar\" style=\"font-size:50px;\"><\/i><\/div>\n<h3>moderne Techniken<\/h3>\n<p>zur Sicherung von Qualt\u00e4t und Geschwindigkeit mit Blick in die Zukunft<\/p>\n\t<\/div><\/div>\n<\/div>\n\n\n<div class=\"sc-button\" style=\"text-align:left \"><a style=\"background:#e43c24\" target=\"_self\" href=\"https:\/\/eac-calau.de\/?page_id=3192\"><span>Kontaktiren Sie uns, wir beraten Sie gerne ausf\u00fchrlich! <\/span><\/a><\/div>\n\n\n<p><\/p>\n<\/div>\n\n\n\n<div class=\"is-layout-flow wp-block-column is-vertically-aligned-top\" style=\"flex-basis:45%\">\n<figure class=\"wp-block-image size-large\"><img decoding=\"async\" loading=\"lazy\" width=\"541\" height=\"490\" src=\"https:\/\/eac-calau.de\/web\/wp-content\/uploads\/2020\/10\/Bubble.jpg\" alt=\"\" class=\"wp-image-5269\" srcset=\"https:\/\/eac-calau.de\/web\/wp-content\/uploads\/2020\/10\/Bubble.jpg 541w, https:\/\/eac-calau.de\/web\/wp-content\/uploads\/2020\/10\/Bubble-300x272.jpg 300w, https:\/\/eac-calau.de\/web\/wp-content\/uploads\/2020\/10\/Bubble-305x276.jpg 305w, https:\/\/eac-calau.de\/web\/wp-content\/uploads\/2020\/10\/Bubble-480x435.jpg 480w\" sizes=\"(max-width: 541px) 100vw, 541px\" \/><\/figure>\n<\/div>\n<\/div>\n\n\n\n<p><\/p>\n<\/div><\/div><\/div>\n\n\n\n<div style=\"height:50px\" aria-hidden=\"true\" class=\"wp-block-spacer\"><\/div>\n\n\n\n<div class=\"is-layout-flex wp-container-14 wp-block-columns has-2-columns has-3-columns\">\n<div class=\"is-layout-flow wp-block-column\"><a class=\"icon-button\" style=\"background:#3F4650\" href=\"#\" target=\"_self\"  ><div class=\"bic\"><i style=\"color:#ffffff\" class=\"icofont-wall-clock\"><\/i><\/div>\n<span class=\"icon-button-row1\" style=\"color:#ffffff\">Unsere B\u00fcro \u00d6ffnungszeiten<\/span><span class=\"icon-button-row2\" style=\"color:#ffffff\">MO &#8211; FR: 08:00 bis 16:00 <\/span><\/a><\/div>\n\n\n\n<div class=\"is-layout-flow wp-block-column\"><a class=\"icon-button\" style=\"background:#3F4650\"  ><div class=\"bic\"><i style=\"color:#ffffff\" class=\"icofont-support\"><\/i><\/div>\n<span class=\"icon-button-row1\" style=\"color:#ffffff\">Rufen Sie uns an!<\/span><span class=\"icon-button-row2\" style=\"color:#ffffff\">+49 (0)3541 87 27 0<\/span><\/a>\n\n\n<p><\/p>\n<\/div>\n<\/div>\n\n\n\n<div class=\"wp-block-cover has-background-dim has-parallax\" style=\"background-image:url(https:\/\/eac-calau.de\/web\/wp-content\/uploads\/2020\/04\/100_8273_2-scaled.jpg);min-height:300px\"><div class=\"wp-block-cover__inner-container\">\n<p class=\"has-text-align-center\" style=\"font-size:50px\">Wir freuen uns auf Ihr Projekt!<\/p>\n<\/div><\/div>\n\n\n\n<div style=\"height:27px\" aria-hidden=\"true\" class=\"wp-block-spacer\"><\/div>\n\n\n\n<hr class=\"wp-block-separator has-text-color has-background is-style-wide\" style=\"background-color:#e43c24;color:#e43c24\"\/>\n","protected":false},"excerpt":{"rendered":"<p>Wir sind Ihr Ansprechpartner bei der Realisierung Ihrer Projekte\u2026<\/p>\n","protected":false},"author":1,"featured_media":0,"parent":0,"menu_order":0,"comment_status":"closed","ping_status":"closed","template":"homepage.php","meta":[],"featured_image_src":null,"featured_image_src_square":null,"_links":{"self":[{"href":"https:\/\/eac-calau.de\/index.php?rest_route=\/wp\/v2\/pages\/5220"}],"collection":[{"href":"https:\/\/eac-calau.de\/index.php?rest_route=\/wp\/v2\/pages"}],"about":[{"href":"https:\/\/eac-calau.de\/index.php?rest_route=\/wp\/v2\/types\/page"}],"author":[{"embeddable":true,"href":"https:\/\/eac-calau.de\/index.php?rest_route=\/wp\/v2\/users\/1"}],"replies":[{"embeddable":true,"href":"https:\/\/eac-calau.de\/index.php?rest_route=%2Fwp%2Fv2%2Fcomments&post=5220"}],"version-history":[{"count":36,"href":"https:\/\/eac-calau.de\/index.php?rest_route=\/wp\/v2\/pages\/5220\/revisions"}],"predecessor-version":[{"id":5555,"href":"https:\/\/eac-calau.de\/index.php?rest_route=\/wp\/v2\/pages\/5220\/revisions\/5555"}],"wp:attachment":[{"href":"https:\/\/eac-calau.de\/index.php?rest_route=%2Fwp%2Fv2%2Fmedia&parent=5220"}],"curies":[{"name":"wp","href":"https:\/\/api.w.org\/{rel}","templated":true}]}}